{"id":8,"date":"2016-01-12T22:14:54","date_gmt":"2016-01-12T22:14:54","guid":{"rendered":"http:\/\/joancalsguell.cat\/?page_id=8"},"modified":"2025-10-19T12:51:36","modified_gmt":"2025-10-19T12:51:36","slug":"docencia","status":"publish","type":"page","link":"https:\/\/joancalsguell.cat\/es\/docencia\/","title":{"rendered":"Docencia"},"content":{"rendered":"<p><img loading=\"lazy\" decoding=\"async\" class=\"size-full wp-image-199 aligncenter\" src=\"http:\/\/joancalsguell.cat\/wp-content\/uploads\/2016\/02\/2016campus-uab.jpg\" alt=\"2016campus-uab\" width=\"433\" height=\"263\" srcset=\"https:\/\/joancalsguell.cat\/wp-content\/uploads\/2016\/02\/2016campus-uab.jpg 433w, https:\/\/joancalsguell.cat\/wp-content\/uploads\/2016\/02\/2016campus-uab-300x182.jpg 300w\" sizes=\"auto, (max-width: 433px) 100vw, 433px\" \/><\/p>\n<hr \/>\n<p>Despu\u00e9s de una trayectoria universitaria de cuarenta y seis a\u00f1os, en 2017 se jubil\u00f3 y fue nombrado profesor em\u00e9rito, condici\u00f3n con la que sigui\u00f3 colaborando en la docencia de las titulaciones de Econom\u00eda, Administraci\u00f3n de Empresas y Ciencias Pol\u00edticas. Eran sus materias el gobierno econ\u00f3mico de la Uni\u00f3n Europea, la econom\u00eda espa\u00f1ola y la econom\u00eda sectorial.<\/p>\n<p>En lo primero, los temas versaban sobre las bases de la eurozona, la supervisi\u00f3n y disciplina de los desequilibrios macroecon\u00f3micos, la pol\u00edtica monetaria del BCE, los avances en la uni\u00f3n bancaria y los proyectos de uni\u00f3n fiscal.<\/p>\n<p>El temario sobre Espa\u00f1a arrancaba con el nuevo modelo de crecimiento a partir de mediados de los a\u00f1os noventa, para estudiar despu\u00e9s el desarrollo de la burbuja inmobiliaria, la acentuaci\u00f3n del desequilibrio exterior, las crisis financiera e inmobiliaria a partir de 2008, la recesi\u00f3n subsiguiente, las respuestas p\u00fablicas y la recuperaci\u00f3n posterior. Una segunda parte versaba sobre la econom\u00eda del sector p\u00fablico en sus distintas administraciones. Los \u00faltimos temas se dedicaban a la din\u00e1mica demogr\u00e1fica y al mercado de trabajo.<\/p>\n<p>La docencia de econom\u00eda sectorial iniciaba a los alumnos en el estudio de los principales sectores econ\u00f3micos y los factores que explicaban su evoluci\u00f3n. Los casos objeto de an\u00e1lisis proced\u00edan de la estructura productiva de la econom\u00eda espa\u00f1ola, enmarcados en las tendencias internacionales relativas al comportamiento de las empresas y los sectores. La materia proporcionaba, as\u00ed, un camino de formaci\u00f3n aplicada sobre la competitividad en sentido amplio y las pr\u00e1cticas empresariales y regulatorias de la actividad econ\u00f3mica.<\/p>","protected":false},"excerpt":{"rendered":"<p>Despu\u00e9s de una trayectoria universitaria de cuarenta y seis a\u00f1os, en 2017 se jubil\u00f3 y fue nombrado profesor em\u00e9rito, condici\u00f3n con la que sigui\u00f3 colaborando en la docencia de las titulaciones de Econom\u00eda, Administraci\u00f3n de Empresas y Ciencias Pol\u00edticas. Eran sus materias el gobierno econ\u00f3mico de la Uni\u00f3n Europea, la econom\u00eda espa\u00f1ola y la econom\u00eda [&hellip;]<\/p>\n","protected":false},"author":1,"featured_media":0,"parent":0,"menu_order":0,"comment_status":"closed","ping_status":"closed","template":"","meta":{"footnotes":""},"class_list":["post-8","page","type-page","status-publish","hentry"],"_links":{"self":[{"href":"https:\/\/joancalsguell.cat\/es\/wp-json\/wp\/v2\/pages\/8","targetHints":{"allow":["GET"]}}],"collection":[{"href":"https:\/\/joancalsguell.cat\/es\/wp-json\/wp\/v2\/pages"}],"about":[{"href":"https:\/\/joancalsguell.cat\/es\/wp-json\/wp\/v2\/types\/page"}],"author":[{"embeddable":true,"href":"https:\/\/joancalsguell.cat\/es\/wp-json\/wp\/v2\/users\/1"}],"replies":[{"embeddable":true,"href":"https:\/\/joancalsguell.cat\/es\/wp-json\/wp\/v2\/comments?post=8"}],"version-history":[{"count":29,"href":"https:\/\/joancalsguell.cat\/es\/wp-json\/wp\/v2\/pages\/8\/revisions"}],"predecessor-version":[{"id":2110,"href":"https:\/\/joancalsguell.cat\/es\/wp-json\/wp\/v2\/pages\/8\/revisions\/2110"}],"wp:attachment":[{"href":"https:\/\/joancalsguell.cat\/es\/wp-json\/wp\/v2\/media?parent=8"}],"curies":[{"name":"wp","href":"https:\/\/api.w.org\/{rel}","templated":true}]}}