{"id":126,"date":"2016-02-24T20:31:17","date_gmt":"2016-02-24T20:31:17","guid":{"rendered":"http:\/\/joancalsguell.cat\/?page_id=126"},"modified":"2025-10-19T12:13:26","modified_gmt":"2025-10-19T12:13:26","slug":"joan-cals-guell","status":"publish","type":"page","link":"https:\/\/joancalsguell.cat\/es\/","title":{"rendered":"Home"},"content":{"rendered":"<p><\/p>\n<h3>Joan Cals G\u00fcell<\/h3>\n<p>Fue catedr\u00e1tico del Departamento de Econom\u00eda Aplicada de la Universitat Aut\u00f2noma de Barcelona, que dirigi\u00f3 durante seis a\u00f1os y medio. Doctor en Econom\u00eda por la UAB, estaba licenciado en Ciencias Econ\u00f3micas y Derecho por la Universitat de Barcelona y en Ciencias Pol\u00edticas y Sociolog\u00eda por la Complutense.<\/p>\n<p>Goz\u00f3 de una larga carrera docente en econom\u00eda sectorial, econom\u00eda espa\u00f1ola, econom\u00eda internacional y europea en distintas titulaciones de la UAB.<\/p>\n<p>Su amplia formaci\u00f3n en ciencias sociales se proyect\u00f3, igualmente, en la actividad investigadora y de consultor\u00eda, de manera preferente en econom\u00eda de los servicios, sector bancario, gobierno corporativo, turismo, econom\u00eda regional, ordenaci\u00f3n territorial, sostenibilidad y econom\u00eda pol\u00edtica de la Uni\u00f3n Europea. Data de 1974 su primer libro individual, <strong><span style=\"color: #017cba;\"><em>Turismo y pol\u00edtica tur\u00edstica en Espa\u00f1a<\/em><\/span><\/strong>, una obra cl\u00e1sica sobre el tema; desde entonces, son numerosos sus trabajos de tem\u00e1tica tur\u00edstica y territorial, constituyendo la Costa Brava y el \u00e1mbito gerundense intereses de estudio y vocaciones de servicio siempre atendidas.<\/p>\n<p>En <span style=\"color: #017cba;\"><strong><em>El \u00e9xito de las cajas de ahorros<\/em><\/strong><\/span>, publicado en 2005, durante una coyuntura en la que todo parec\u00eda sonre\u00edr al sector bancario, el autor explicaba la desaparici\u00f3n de los sistemas de cajas de ahorros en una serie de pa\u00edses europeos y advert\u00eda de riesgos semejantes para el espa\u00f1ol, con un an\u00e1lisis particular de las debilidades de su gobernanza corporativa y una propuesta de c\u00f3digo de gobierno.<\/p>\n<p>En la segunda d\u00e9cada del siglo XXI trabaj\u00f3 sobre econom\u00eda y pensamiento econ\u00f3mico, a partir de las experiencias de las crisis inmobiliaria, financiera y del euro. Fruto de ello fue el ensayo <span style=\"color: #017cba;\"><strong><em>Los intereses del futuro. Econom\u00eda en un cambio de \u00e9poca<\/em><\/strong><\/span>, que obtuvo el premio Joan Sard\u00e0 Dexeus 2014 de reconocimiento al mejor libro de econom\u00eda y empresa del a\u00f1o.<\/p>\n<p>En 2019 aparece\u00a0<a href=\"http:\/\/joancalsguell.cat\/pdf\/2019librouejcg.pdf\" target=\"_blank\" rel=\"noopener noreferrer\"><strong><em>Gobernanza econ\u00f3mica y filosof\u00eda del proyecto europeo<\/em><\/strong><\/a>\u00a0mediante una autoedici\u00f3n electr\u00f3nica, de descarga libre y con licencia\u00a0<em>Creative Commons<\/em>. La obra presenta la singularidad de combinar el estudio de los aspectos econ\u00f3micos de la Uni\u00f3n Europea con un conjunto de reflexiones filos\u00f3ficas sobre las caracter\u00edsticas de esta construcci\u00f3n. En sus p\u00e1ginas el autor expon\u00eda las principales iniciativas para la mejora de la funcionalidad de la uni\u00f3n econ\u00f3mica y monetaria, y destacaba la innovaci\u00f3n que el proyecto europeo comportaba para la gobernanza supraestatal, al tiempo que argumentaba que los progresos futuros depend\u00edan de un reforzamiento del sentimiento originario de paz y bienestar compartido.<\/p>\n<p>Perteneci\u00f3 al consejo de administraci\u00f3n de Caixa Catalunya desde octubre de 1984 hasta marzo de 2006, fue presidente del Patronato de la Escuela Universitaria de Turismo de la UAB en el trienio 1997-2000 y miembro de diferentes comisiones de expertos, as\u00ed como de consejos de redacci\u00f3n o asesores de publicaciones diversas.<\/p>\n<p>Est\u00e1 presente en buena parte de su trayectoria vital la participaci\u00f3n en proyectos ciudadanos, de manera especial en aquellos orientados a favorecer la sostenibilidad en los usos territoriales y a proteger espacios naturales. Es el caso de tres iniciativas pioneras que promovi\u00f3 entre 1975 y 1977: el Manifiesto de las Gavarres y la creaci\u00f3n del Grup de Defensa de este espacio, la campa\u00f1a para la salvaguarda de los macizos de las Gavarres y Cadiretes-Ardenya, el cabo de Creus, el cabo Norfeu y el Montgr\u00ed, y el Debat Costa Brava.<\/p>\n<p>Actualmente prepara un libro de recuerdos y divulgaci\u00f3n hist\u00f3rica sobre la Bisbal d\u2019Empord\u00e0, su ciudad, en el per\u00edodo 1950-2010.<\/p>","protected":false},"excerpt":{"rendered":"<p>Joan Cals G\u00fcell Fue catedr\u00e1tico del Departamento de Econom\u00eda Aplicada de la Universitat Aut\u00f2noma de Barcelona, que dirigi\u00f3 durante seis a\u00f1os y medio. Doctor en Econom\u00eda por la UAB, estaba licenciado en Ciencias Econ\u00f3micas y Derecho por la Universitat de Barcelona y en Ciencias Pol\u00edticas y Sociolog\u00eda por la Complutense. Goz\u00f3 de una larga carrera [&hellip;]<\/p>\n","protected":false},"author":1,"featured_media":0,"parent":0,"menu_order":0,"comment_status":"closed","ping_status":"closed","template":"","meta":{"footnotes":""},"class_list":["post-126","page","type-page","status-publish","hentry"],"_links":{"self":[{"href":"https:\/\/joancalsguell.cat\/es\/wp-json\/wp\/v2\/pages\/126","targetHints":{"allow":["GET"]}}],"collection":[{"href":"https:\/\/joancalsguell.cat\/es\/wp-json\/wp\/v2\/pages"}],"about":[{"href":"https:\/\/joancalsguell.cat\/es\/wp-json\/wp\/v2\/types\/page"}],"author":[{"embeddable":true,"href":"https:\/\/joancalsguell.cat\/es\/wp-json\/wp\/v2\/users\/1"}],"replies":[{"embeddable":true,"href":"https:\/\/joancalsguell.cat\/es\/wp-json\/wp\/v2\/comments?post=126"}],"version-history":[{"count":31,"href":"https:\/\/joancalsguell.cat\/es\/wp-json\/wp\/v2\/pages\/126\/revisions"}],"predecessor-version":[{"id":2099,"href":"https:\/\/joancalsguell.cat\/es\/wp-json\/wp\/v2\/pages\/126\/revisions\/2099"}],"wp:attachment":[{"href":"https:\/\/joancalsguell.cat\/es\/wp-json\/wp\/v2\/media?parent=126"}],"curies":[{"name":"wp","href":"https:\/\/api.w.org\/{rel}","templated":true}]}}