{"id":54,"date":"2016-02-03T23:51:02","date_gmt":"2016-02-03T23:51:02","guid":{"rendered":"http:\/\/joancalsguell.cat\/?page_id=54"},"modified":"2025-10-19T12:55:30","modified_gmt":"2025-10-19T12:55:30","slug":"social","status":"publish","type":"page","link":"http:\/\/joancalsguell.cat\/es\/social\/","title":{"rendered":"Social"},"content":{"rendered":"<p><\/p>\n<p style=\"text-align: justify;\"><img decoding=\"async\" class=\"size-full wp-image-2092 aligncenter\" src=\"http:\/\/joancalsguell.cat\/wp-content\/uploads\/2025\/07\/joan-cals.jpg\" alt=\"joan-cals\" width=\"50%\" height=\"auto\" srcset=\"http:\/\/joancalsguell.cat\/wp-content\/uploads\/2025\/07\/joan-cals.jpg 1000w, http:\/\/joancalsguell.cat\/wp-content\/uploads\/2025\/07\/joan-cals-296x300.jpg 296w, http:\/\/joancalsguell.cat\/wp-content\/uploads\/2025\/07\/joan-cals-768x777.jpg 768w, http:\/\/joancalsguell.cat\/wp-content\/uploads\/2025\/07\/joan-cals-50x50.jpg 50w, http:\/\/joancalsguell.cat\/wp-content\/uploads\/2025\/07\/joan-cals-100x100.jpg 100w\" sizes=\"(max-width: 1000px) 100vw, 1000px\" \/><\/p>\n<hr \/>\n<p>La Bisbal d\u2019Empord\u00e0 (1947), es hijo de Pere Cals y Maria Rosa G\u00fcell.<\/p>\n<p>Est\u00e1 casado con Margarita Su\u00f1er, y es padre de Pere, Joan y Marta.<\/p>\n<p>A lo largo de su vida ha compartido residencia entre Barcelona y la ciudad ampurdanesa.<\/p>\n<p>Ciudadano de su tiempo, ha estado vinculado a una diversidad de proyectos de car\u00e1cter c\u00edvico, con particular compromiso con algunos de ellos. Tal es el papel destacado que asume, ya desde los lejanos setenta del siglo pasado, en iniciativas a favor de modelos sostenibilistas para el turismo, el urbanismo y los usos territoriales. Figuran entre las primeras, el Debat Costa Brava y la campa\u00f1a de 1975 y 1976 \u201cEn defensa de la Costa Brava\u201d, para la protecci\u00f3n de decenas de miles de hect\u00e1reas en el litoral de las comarcas gerundenses, desde el macizo de Cadiretes-Ardenya y las Gavarres hasta el cabo de Creus.<\/p>\n<p>En 1978 se afilia al Partit dels Socialistes de Catalunya, en el que confluyen las tres fuerzas pol\u00edticas de este \u00e1mbito.<\/p>\n<p>A finales de los a\u00f1os ochenta inspir\u00f3 el proyecto pionero en Espa\u00f1a de la fundaci\u00f3n Territori i Paisatge, vinculada a la obra social de Caixa Catalunya, para la salvaguarda de espacios naturales. Fue miembro de su Patronato entre 1998 y 2006.<\/p>\n<p>En 1994 funda con Pasqual Maragall y otras personas la asociaci\u00f3n Catalunya Segle XXI, que hasta su disoluci\u00f3n en 2000 desarrollar\u00e1 una intensa actividad de debate pol\u00edtico, econ\u00f3mico y cultural.<\/p>","protected":false},"excerpt":{"rendered":"<p>La Bisbal d\u2019Empord\u00e0 (1947), es hijo de Pere Cals y Maria Rosa G\u00fcell. Est\u00e1 casado con Margarita Su\u00f1er, y es padre de Pere, Joan y Marta. A lo largo de su vida ha compartido residencia entre Barcelona y la ciudad ampurdanesa. Ciudadano de su tiempo, ha estado vinculado a una diversidad de proyectos de car\u00e1cter [&hellip;]<\/p>\n","protected":false},"author":1,"featured_media":0,"parent":0,"menu_order":0,"comment_status":"closed","ping_status":"closed","template":"","meta":{"footnotes":""},"class_list":["post-54","page","type-page","status-publish","hentry"],"_links":{"self":[{"href":"http:\/\/joancalsguell.cat\/es\/wp-json\/wp\/v2\/pages\/54","targetHints":{"allow":["GET"]}}],"collection":[{"href":"http:\/\/joancalsguell.cat\/es\/wp-json\/wp\/v2\/pages"}],"about":[{"href":"http:\/\/joancalsguell.cat\/es\/wp-json\/wp\/v2\/types\/page"}],"author":[{"embeddable":true,"href":"http:\/\/joancalsguell.cat\/es\/wp-json\/wp\/v2\/users\/1"}],"replies":[{"embeddable":true,"href":"http:\/\/joancalsguell.cat\/es\/wp-json\/wp\/v2\/comments?post=54"}],"version-history":[{"count":18,"href":"http:\/\/joancalsguell.cat\/es\/wp-json\/wp\/v2\/pages\/54\/revisions"}],"predecessor-version":[{"id":2115,"href":"http:\/\/joancalsguell.cat\/es\/wp-json\/wp\/v2\/pages\/54\/revisions\/2115"}],"wp:attachment":[{"href":"http:\/\/joancalsguell.cat\/es\/wp-json\/wp\/v2\/media?parent=54"}],"curies":[{"name":"wp","href":"https:\/\/api.w.org\/{rel}","templated":true}]}}