{"id":51,"date":"2016-02-03T23:50:19","date_gmt":"2016-02-03T23:50:19","guid":{"rendered":"http:\/\/joancalsguell.cat\/?page_id=51"},"modified":"2025-10-19T13:15:03","modified_gmt":"2025-10-19T13:15:03","slug":"articulos","status":"publish","type":"page","link":"http:\/\/joancalsguell.cat\/es\/articulos\/","title":{"rendered":"Art\u00edculos"},"content":{"rendered":"<p><img loading=\"lazy\" decoding=\"async\" class=\"aligncenter size-medium wp-image-478\" src=\"http:\/\/joancalsguell.cat\/wp-content\/uploads\/2016\/03\/20160307_1055052-Copia-300x225.jpg\" alt=\"Art\u00edculos Joan Cals Guell\" width=\"300\" height=\"225\" \/><\/p>\n<hr \/>\n<p><span style=\"color: #017cba;\"><strong>\u201cEl daltabaix de la feina. Quan la macroeconomia esdev\u00e9 drama social\u201d<\/strong><\/span> en <strong><span style=\"color: #993300;\">Revista de Girona<\/span><\/strong>, n\u00famero\u00a0 , enero-febrero 2016.<\/p>\n<h6>Joan Cals<\/h6>\n<hr \/>\n<p><strong><span style=\"color: #017cba;\">\u201cLa Costa Brava necessita m\u00e9s reconeixement\u201d<\/span><\/strong> en <strong><span style=\"color: #993300;\">Elpuntavui<\/span><\/strong>, 30 de mayo de 2013<\/p>\n<h6>Joan Cals<\/h6>\n<hr \/>\n<p><span style=\"color: #017cba;\"><strong>\u201cLa desaparici\u00f3 de Caixa Girona\u201d<\/strong><\/span> en <strong><span style=\"color: #993300;\">Revista de Girona<\/span><\/strong>, n\u00famero 272, mayo-junio 2012.<\/p>\n<h6>Joan Cals<\/h6>\n<hr \/>\n<p><span style=\"color: #017cba;\"><strong>\u201cEl bon govern de les caixes d\u2019estalvis\u201d<\/strong><\/span> en <strong><span style=\"color: #993300;\">Revista econ\u00f2mica de Catalunya<\/span><\/strong><em>, <\/em>n\u00famero 55, a\u00f1o 2007.<\/p>\n<h6>Joan Cals<\/h6>\n<hr \/>\n<p><strong><span style=\"color: #017cba;\">\u201cRevisi\u00f3n de un turismo mediterr\u00e1neo\u201d<\/span><\/strong> en <strong><span style=\"color: #993300;\">Annals of Tourism Research en Espa\u00f1ol<\/span><\/strong><em>, <\/em>volumen 5, n\u00famero 2, a\u00f1o 2003.<\/p>\n<h6>Joan Cals<\/h6>\n<hr \/>\n<p><strong><span style=\"color: #017cba;\">\u201cLa competencia entre cajas y bancos en Espa\u00f1a: una perspectiva de los a\u00f1os noventa\u201d<\/span><\/strong> en<strong><span style=\"color: #993300;\"> Cuadernos de Informaci\u00f3n Econ\u00f3mica<\/span><\/strong><em>, <\/em>n\u00famero 154, a\u00f1o 2000.<\/p>\n<h6>Joan Cals<\/h6>\n<hr \/>\n<p><span style=\"color: #017cba;\"><strong>\u201cLa recepci\u00f3n tur\u00edstica y la pol\u00edtica de turismo de la democracia en Espa\u00f1a 1977-1998: entre la descentralizaci\u00f3n y los cambios en los mercados\u201d<\/strong><\/span> en <strong><span style=\"color: #993300;\">Papers de Turisme<\/span><\/strong><em>,<\/em> n\u00famero 27, a\u00f1o 2000.<\/p>\n<h6>Joan Cals<\/h6>\n<hr \/>\n<p><strong><span style=\"color: #017cba;\">\u201cModel competitiu i perspectives de futur de les caixes\u201d<\/span><\/strong> en<strong><span style=\"color: #993300;\"> Revista Econ\u00f2mica de Catalunya<\/span><\/strong><em>, <\/em>n\u00famero 40, a\u00f1o 2000.<\/p>\n<h6>Joan Cals<\/h6>\n<hr \/>\n<p><strong><span style=\"color: #017cba;\">\u201cUna crida singular a la responsabilitat ambiental des del Parlament Europeu\u201d<\/span><\/strong> en <strong><span style=\"color: #993300;\">L\u2019autonomista<\/span><\/strong>. Suplement literari, octubre 1990.<\/p>\n<h6>Joan Cals<\/h6>\n<hr \/>\n<p><strong><span style=\"color: #017cba;\">\u201cLas participaciones empresariales de las cajas de ahorros espa\u00f1olas\u201d<\/span><\/strong>\u00a0en<strong><span style=\"color: #993300;\"> Papeles de Econom\u00eda Espa\u00f1ola<\/span><\/strong><em>, <\/em>n\u00famero 74-75, a\u00f1o 1998.<\/p>\n<h6>Joan Cals<\/h6>\n<hr \/>\n<p><span style=\"color: #017cba;\"><strong>\u201cEl sistema bancario mediterr\u00e1neo desde una perspectiva territorial\u201d<\/strong>\u00a0<\/span>en <strong><span style=\"color: #993300;\">Papeles de Econom\u00eda Espa\u00f1ola-Econom\u00eda de las Comunidades Aut\u00f3nomas<\/span><\/strong>, n\u00famero 11, a\u00f1o 1992.<\/p>\n<h6>Joan Cals<\/h6>\n<hr \/>\n<p><span style=\"color: #017cba;\"><strong>\u201cL&#8217;aptitud financera de Catalunya. Barcelona, pla\u00e7a financera\u201d<\/strong><\/span>\u00a0en<strong><span style=\"color: #993300;\"> Revista econ\u00f2mica<\/span><\/strong><em> de <\/em>Catalunya, n\u00famero 13, a\u00f1o 1990.<\/p>\n<h6>Joan Cals y Artur Saur\u00ed<\/h6>\n<hr \/>\n<p><span style=\"color: #017cba;\"><strong>\u201cEl sistema financer\u201d<\/strong><\/span>\u00a0en<strong><span style=\"color: #993300;\"> Revista econ\u00f2mica<\/span><\/strong><em> de Catalunya<\/em>, a\u00f1o 1989.<\/p>\n<h6>Artur Saur\u00ed y Joan Cals<\/h6>\n<hr \/>\n<p><span style=\"color: #017cba;\"><strong>\u201cLes processus d\u2019urbanisation touristique sur la Costa Brava\u201d<\/strong><\/span> en <strong><span style=\"color: #993300;\">Revue Geographiques des Pyr\u00e9n\u00e9es et du Sud-Ouest<\/span><\/strong>, tomo 48, fasc\u00edculo 2, a\u00f1o 1977.<\/p>\n<h6>Joan Cals, Juli Esteban y Carles Teixidor<\/h6>\n<hr \/>\n<p><strong><span style=\"color: #017cba;\">\u201cUn model irresponsable i caduc\u201d<\/span><\/strong> en <strong><span style=\"color: #993300;\">Pres\u00e8ncia<\/span><\/strong>, n\u00fameros 382-383, 9-16 de agosto de 1975.<\/p>\n<h6>Joan Cals y Maria Assumpci\u00f3 Alonso<\/h6>\n<hr \/>\n<p><span style=\"color: #017cba;\"><strong>\u201cLa necessitat de reserves naturals\u201d<\/strong><\/span> en <strong><span style=\"color: #993300;\">Pres\u00e8ncia<\/span><\/strong>, n\u00fameros 382-383, 9-16 de agosto de 1975.<\/p>\n<h6>Benet Cervera y Joan Cals<\/h6>\n<hr \/>\n<p><\/p>","protected":false},"excerpt":{"rendered":"<p>\u201cEl daltabaix de la feina. Quan la macroeconomia esdev\u00e9 drama social\u201d en Revista de Girona, n\u00famero\u00a0 , enero-febrero 2016. Joan Cals \u201cLa Costa Brava necessita m\u00e9s reconeixement\u201d en Elpuntavui, 30 de mayo de 2013 Joan Cals \u201cLa desaparici\u00f3 de Caixa Girona\u201d en Revista de Girona, n\u00famero 272, mayo-junio 2012. Joan Cals \u201cEl bon govern de [&hellip;]<\/p>\n","protected":false},"author":1,"featured_media":0,"parent":0,"menu_order":0,"comment_status":"closed","ping_status":"closed","template":"","meta":{"footnotes":""},"class_list":["post-51","page","type-page","status-publish","hentry"],"_links":{"self":[{"href":"http:\/\/joancalsguell.cat\/es\/wp-json\/wp\/v2\/pages\/51","targetHints":{"allow":["GET"]}}],"collection":[{"href":"http:\/\/joancalsguell.cat\/es\/wp-json\/wp\/v2\/pages"}],"about":[{"href":"http:\/\/joancalsguell.cat\/es\/wp-json\/wp\/v2\/types\/page"}],"author":[{"embeddable":true,"href":"http:\/\/joancalsguell.cat\/es\/wp-json\/wp\/v2\/users\/1"}],"replies":[{"embeddable":true,"href":"http:\/\/joancalsguell.cat\/es\/wp-json\/wp\/v2\/comments?post=51"}],"version-history":[{"count":69,"href":"http:\/\/joancalsguell.cat\/es\/wp-json\/wp\/v2\/pages\/51\/revisions"}],"predecessor-version":[{"id":2118,"href":"http:\/\/joancalsguell.cat\/es\/wp-json\/wp\/v2\/pages\/51\/revisions\/2118"}],"wp:attachment":[{"href":"http:\/\/joancalsguell.cat\/es\/wp-json\/wp\/v2\/media?parent=51"}],"curies":[{"name":"wp","href":"https:\/\/api.w.org\/{rel}","templated":true}]}}