{"id":5,"date":"2016-01-12T22:14:15","date_gmt":"2016-01-12T22:14:15","guid":{"rendered":"http:\/\/joancalsguell.cat\/?page_id=5"},"modified":"2025-10-19T14:52:05","modified_gmt":"2025-10-19T14:52:05","slug":"libros","status":"publish","type":"page","link":"http:\/\/joancalsguell.cat\/es\/libros\/","title":{"rendered":"Libros"},"content":{"rendered":"<p><\/p>\n<h2 style=\"text-align: center;\">Selecci\u00f3n<\/h2>\n<p style=\"text-align: center;\"><img loading=\"lazy\" decoding=\"async\" class=\"aligncenter wp-image-124 size-medium\" src=\"http:\/\/joancalsguell.cat\/wp-content\/uploads\/2016\/01\/20160211_214927-300x225.jpg\" alt=\"20160211_214927\" width=\"300\" height=\"225\" srcset=\"http:\/\/joancalsguell.cat\/wp-content\/uploads\/2016\/01\/20160211_214927-300x225.jpg 300w, http:\/\/joancalsguell.cat\/wp-content\/uploads\/2016\/01\/20160211_214927-768x576.jpg 768w, http:\/\/joancalsguell.cat\/wp-content\/uploads\/2016\/01\/20160211_214927-1024x768.jpg 1024w\" sizes=\"auto, (max-width: 300px) 100vw, 300px\" \/><\/p>\n<hr \/>\n<p><a href=\"http:\/\/joancalsguell.cat\/pdf\/2019librouejcg.pdf\" target=\"_blank\" rel=\"noopener noreferrer\"><span style=\"color: #993366; font-weight:bold; text-decoration: underline;\">Gobernanza econ\u00f3mica y filosof\u00eda del proyecto europeo<\/span><\/a><\/p>\n<h6>Joan Cals G\u00fcell \u00b7 A\u00f1o 2019<\/h6>\n<hr \/>\n<h4 style=\"text-align: justify;\"><span style=\"color: #017cba;\"><strong>Los intereses del futuro. Econom\u00eda en un cambio de \u00e9poca<\/strong><\/span><\/h4>\n<h5 style=\"text-align: justify;\">(premio Joan Sard\u00e0 Dexeus 2014 al mejor libro de econom\u00eda y empresa del a\u00f1o)<\/h5>\n<h6 style=\"text-align: justify;\"><span style=\"font-size: 11px;\">Joan Cals G\u00fcell \u00b7 Editorial RBA \u00b7 A\u00f1o 2013<\/span><\/h6>\n<hr \/>\n<p><span style=\"color: #017cba;\"><strong>El \u00e9xito de las cajas de ahorros: historia reciente, estrategia competitiva y gobierno<\/strong><\/span><\/p>\n<h6><span style=\"font-size: 11px;\">Joan Cals G\u00fcell \u00b7 Editorial Ariel \u00b7 A\u00f1o 2005<\/span><\/h6>\n<hr \/>\n<p><span style=\"color: #017cba;\"><strong>Informe sobre Transpar\u00e8ncia Administrativa i Bon Govern<\/strong><\/span><\/p>\n<h6><span style=\"font-size: 11px;\">Anton Ca\u00f1ellas, Pere Almeda, Joan Cals, Juan Jos\u00e9 L\u00f3pez Burniol, Amadeu Petitb\u00f3, Jordi Porta, Eul\u00e0lia Vintr\u00f3 y otros \u00b7 Generalitat de Catalunya \u00b7 A\u00f1o 2005<\/span><\/h6>\n<hr \/>\n<p><span style=\"color: #3366ff;\"><span style=\"color: #017cba;\"><strong>\u201cConclusions\u201d<\/strong><\/span>,<\/span>\u00a0<span class=\"s1\">en la obra col\u00b7lectiva<\/span><span class=\"s2\" style=\"color: #993300;\"><strong> Debat Costa Brava: un futur sostenible<\/strong><\/span><\/p>\n<h6><span style=\"font-size: 11px;\">Joan Cals \u00b7 Demarcaci\u00f3 de Girona del Col\u00b7legi d\u2019Arquitectes de Catalunya \u00b7 A\u00f1o 2005<\/span><\/h6>\n<hr \/>\n<p><span style=\"color: #017cba;\"><strong>\u00abLa protecci\u00f3 d&#8217;espais en la nova economia rural\u00bb<\/strong><\/span> en el ciclo de conferencias <span style=\"color: #993300;\"><strong>Aula d&#8217;Ecologia 2001<\/strong><\/span><\/p>\n<h6>Joan Cals \u00b7 Universitat Aut\u00f2noma de Barcelona\/Ajuntament de Barcelona \u00b7 A\u00f1o 2002<\/h6>\n<hr \/>\n<p><span style=\"color: #017cba;\"><strong>\u00abTerritori i paisatge: una perspectiva econ\u00f2mica\u00bb<\/strong><\/span> en el ciclo de conferencias <span style=\"color: #993300;\"><strong>Territori i Paisatge. Natura i art<\/strong><\/span><\/p>\n<h6>Joan Cals \u00b7 Ajuntament de Girona\/Universitat de Girona \u00b7 A\u00f1o 2002<\/h6>\n<hr \/>\n<p><span style=\"color: #017cba;\"><strong>\u00abPaisatge i turisme. Perspectives de futur\u00bb<\/strong><\/span> en el ciclo de conferencias\u00a0<strong><span style=\"color: #993300;\">Ci\u00e8ncia i cultura al llindar del segle XXI<\/span><\/strong>, del Institut d&#8217;Estudis Catalans<\/p>\n<h6>Joan Cals \u00b7 Institut d&#8217;Estudis Catalans \u00b7 A\u00f1o 1999<\/h6>\n<hr \/>\n<p><span style=\"color: #017cba;\"><strong>\u00abEntorno, competitividad de la oferta y rentabilidad social de los proyectos tur\u00edsticos\u00bb<\/strong><\/span> en el libro editado por Rosa Barba y Ricard Pi\u00e9 <strong><span style=\"color: #993300;\">Arquitectura y Turismo: Planes y proyectos<\/span><\/strong><\/p>\n<h6>Joan Cals \u00b7 Universitat Polit\u00e8cnica de Catalunya \u00b7 1996<\/h6>\n<hr \/>\n<p><span style=\"color: #017cba;\"><strong>\u00abEl comportament tur\u00edstic en els espais litorals\u00bb<\/strong> <\/span>en el libro de las Jornadas <span style=\"color: #993300;\"><strong>Turisme, territori i estrat\u00e8gies de desenvolupament<\/strong><\/span><\/p>\n<h6>Joan Cals \u00b7 Universitat de Girona \u00b7 A\u00f1o 1996<\/h6>\n<hr \/>\n<p><span style=\"color: #017cba;\"><strong>La democr\u00e0cia dels ciutadans<\/strong><\/span>, obra colectiva de Catalunya Segle XXI<\/p>\n<h6>Catalunya Segle XXI \u00b7 Edicions 62 \u00b7 A\u00f1o 1995<\/h6>\n<hr \/>\n<p><span style=\"color: #017cba;\"><strong>El turismo en el desarrollo rural<span style=\"color: #017cba;\"> de Espa<\/span>\u00f1a<\/strong><\/span><\/p>\n<h6><span style=\"font-size: 11px;\">Joan Cals (director), Josep Capell\u00e0 y Empar Vaqu\u00e9 \u00b7 Ministerio de Agricultura, Pesca y Alimentaci\u00f3n \u00b7 A\u00f1o 1995<\/span><\/h6>\n<hr \/>\n<p><span style=\"color: #017cba;\"><strong>\u00abSistema y mercados financieros\u00bb<\/strong><\/span> en el libro dirigido por Jos\u00e9 Luis Garc\u00eda Delgado <span class=\"s2\" style=\"color: #993300;\"><strong>Lecciones de Econom\u00eda Espa\u00f1ola<\/strong><i><br \/>\n<\/i><\/span><\/p>\n<h6><span style=\"font-size: 11px;\">Joan Cals y Antonio Garrido\u00a0\u00b7\u00a0Editorial Civitas \u00b7 A\u00f1o 1993 (1\u00aa edici\u00f3n), 1995 (2\u00aa edici\u00f3n), 1997 (3\u00aa edici\u00f3n) y 1999 (4\u00aa edici\u00f3n)<\/span><\/h6>\n<hr \/>\n<p class=\"p3\"><strong><span class=\"s2\" style=\"color: #017cba;\">Evaluaci\u00f3n de proyectos. An\u00e1lisis de rentabilidad social desde la perspectiva del turismo y el ocio<i><br \/>\n<\/i><\/span><\/strong><\/p>\n<h6 class=\"p3\"><span style=\"font-size: 11px;\">Joan Cals, Anna Matas y Pere Riera \u00b7 Ministerio de Industria, Comercio y Turismo\u00b7 A\u00f1o 1993<\/span><\/h6>\n<hr \/>\n<p class=\"p5\"><span style=\"color: #017cba;\"><strong><span class=\"s2\">\u201cEspacio y pautas de los intermediarios financieros\u201d<\/span><\/strong><\/span><span class=\"s3\">, en la obra dirigida por Juan Velarde, Jos\u00e9 Luis Garc\u00eda Delgado y Andr\u00e9s Pedre\u00f1o <\/span><span class=\"s2\"><span style=\"color: #993300;\"><strong>Ejes territoriales de desarrollo<\/strong><\/span><br \/>\n<\/span><\/p>\n<h6 class=\"p5\"><span class=\"s2\"><span style=\"font-size: 11px;\">Joan Cals \u00b7 Colegio de Economistas de Madrid \u00b7 A\u00f1o 1992<\/span><\/span><\/h6>\n<hr \/>\n<p class=\"p3\"><span style=\"color: #017cba;\"><strong><span class=\"s2\">Els canvis tur\u00edstics. Incid\u00e8ncia en els municipis costaners de Barcelona<\/span><\/strong><em><strong><span class=\"s2\"><br \/>\n<\/span><\/strong><\/em><\/span><\/p>\n<h6 class=\"p3\"><span style=\"font-size: 11px;\">Joan Cals \u00b7 Diputaci\u00f3 de Barcelona \u00b7 A\u00f1o 1991<\/span><\/h6>\n<hr \/>\n<p class=\"p3\"><span style=\"color: #017cba;\"><strong><span class=\"s2\">\u201cLa oferta tur\u00edstica y recreativa\u201d <\/span><\/strong><\/span><span class=\"s3\">en el libro dirigido por Mart\u00ed Parellada<\/span><span class=\"s2\"><span style=\"color: #993300;\"> <strong>Estructura econ\u00f3mica de Catalu\u00f1a<\/strong><\/span><i><br \/>\n<\/i><\/span><\/p>\n<h6 class=\"p3\"><span style=\"font-size: 11px;\">Joan Cals \u00b7 Espasa Calpe \u00b7 A\u00f1o 1990<\/span><\/h6>\n<hr \/>\n<p class=\"p3\"><span style=\"color: #017cba;\"><strong><span class=\"s2\">\u201cHist\u00f2ria econ\u00f2mica del turisme i la segona resid\u00e8ncia\u00bb<\/span><\/strong><\/span><span class=\"s3\"> en la obra dirigida por Jordi Nadal <\/span><span style=\"color: #993300;\"><strong><span class=\"s2\">Hist\u00f2ria econ\u00f2mica de Catalunya<\/span><\/strong><\/span><span style=\"color: #993300;\"><strong><span class=\"s2\"><i><br \/>\n<\/i><\/span><\/strong><\/span><\/p>\n<h6 class=\"p3\"><span style=\"font-size: 11px;\">Joan Cals \u00b7 Enciclop\u00e8dia Catalana \u00b7 A\u00f1o 1989<\/span><\/h6>\n<hr \/>\n<p class=\"p3\"><span style=\"color: #017cba;\"><strong><span class=\"s2\">\u00abVint anys despr\u00e9s\u00bb<\/span><\/strong><\/span><span class=\"s3\">, ap\u00e9ndice a la obra de Yvette Barbaza <\/span><strong><span class=\"s2\"><span style=\"color: #993300;\">El paisatge hum\u00e0 de la Costa Brava<\/span><i><br \/>\n<\/i><\/span><\/strong><\/p>\n<h6 class=\"p3\"><span style=\"font-size: 11px;\">Joan Cals \u00b7 Edicions 62 \u00b7 A\u00f1o 1988<\/span><\/h6>\n<hr \/>\n<p class=\"p3\"><strong><span class=\"s2\"><span style=\"color: #017cba;\">L&#8217;Alt Empord\u00e0: recursos i estructura econ\u00f2mica<\/span><i><br \/>\n<\/i><\/span><\/strong><\/p>\n<h6 class=\"p3\"><span style=\"font-size: 11px;\">Joan Cals G\u00fcell (director), Rafael Lostado, Anna Matas, Pere Riera y otros \u00b7 Caixa de Catalunya \u00b7 A\u00f1o 1987<\/span><\/h6>\n<hr \/>\n<p class=\"p3\"><strong><span class=\"s2\" style=\"color: #017cba;\">Tradici\u00f3n y cambio en las instituciones econ\u00f3micas: el caso del sistema financiero y las cajas de ahorros en Espa\u00f1a<\/span><span class=\"s3\"><span class=\"Apple-converted-space\"><br \/>\n<\/span><\/span><\/strong><\/p>\n<h5 class=\"p3\"><span class=\"s3\">Proyecto de investigaci\u00f3n presentado a la oposiciones de catedr\u00e1tico de Economia Aplicada de la UAB<\/span><strong><span class=\"s3\"><br \/>\n<\/span><\/strong><\/h5>\n<h6 class=\"p3\"><span style=\"font-size: 11px;\">Joan Cals G\u00fcell \u00b7 A\u00f1o 1986<\/span><\/h6>\n<hr \/>\n<p class=\"p3\"><span style=\"color: #017cba;\"><strong>\u00abTurismo y territorio: los t\u00e9rminos de una dial\u00e9ctica\u00bb<\/strong><\/span> en el libro coordinado por Andr\u00e9s Pedre\u00f1o <strong><span style=\"color: #993300;\">Ecolog\u00eda, economia y turismo en el Mediterr\u00e1neo<\/span><\/strong><\/p>\n<h6 class=\"p3\">Joan Cals \u00b7 Ayuntamiento de Benidorm\/Universidad de Alicante \u00b7 1986<\/h6>\n<hr \/>\n<p class=\"p3\"><strong><span class=\"s2\"><span style=\"color: #017cba;\">El Baix Empord\u00e0: recursos i estructura econ\u00f2mica<\/span><i><br \/>\n<\/i><\/span><\/strong><\/p>\n<h6 class=\"p3\"><span style=\"font-size: 11px;\">Joan Cals G\u00fcell (director), Rafael Lostado y Anna Matas \u00b7 Caixa de Catalunya \u00b7 A\u00f1o 1984<\/span><\/h6>\n<hr \/>\n<p class=\"p3\"><span style=\"color: #017cba;\"><strong><span class=\"s2\">La Costa Brava i el turisme: estudis sobre la pol\u00edtica tur\u00edstica, el territori i l&#8217;hoteleria <\/span><\/strong><\/span><span class=\"s3\">(adaptaci\u00f3n de la tesis doctoral)<br \/>\n<\/span><\/p>\n<h6 class=\"p3\"><span style=\"font-size: 11px;\">Joan Cals \u00b7 Editorial Kapel \u00b7 A\u00f1o 1982<\/span><\/h6>\n<hr \/>\n<p class=\"p3\"><span class=\"s2\"><strong><span style=\"color: #017cba;\">L\u2019hoteleria tradicional en el context d\u2019una pol\u00edtica de turisme de masses: el cas de la Costa Brava<\/span><\/strong><i><strong>,<\/strong><\/i> <\/span><span class=\"s3\">tesis doctoral dirigida por el Dr. Jacint Ros Hombravella<\/span><strong><span class=\"s3\"><br \/>\n<\/span><\/strong><\/p>\n<h6 class=\"p3\"><span style=\"font-size: 11px;\">Joan Cals \u00b7 Facultad de Ciencias Econ\u00f3mica y Empresariales de la UAB, 1980<\/span><\/h6>\n<hr \/>\n<p class=\"p3\"><span style=\"color: #017cba;\"><strong>\u00abEn la perspectiva d&#8217;una pol\u00edtica tur\u00edstica aut\u00f2noma\u00bb<\/strong><\/span>, en la obra colectiva <span style=\"color: #993300;\"><strong>Catalunya cap a l&#8217;any 2000<\/strong>,<\/span> de la Fundaci\u00f3 Jaume Bofill<\/p>\n<h6>Joan Cals \u00b7 Editorial Blume \u00b7 A\u00f1o 1979<\/h6>\n<hr \/>\n<p class=\"p3\"><span style=\"color: #017cba;\"><strong>El sector tur\u00edstic i la funci\u00f3 residencial de la Costa Brava<\/strong><\/span> en la obra colectiva <strong><span style=\"color: #993300;\">Debat Costa Brava<\/span><\/strong><span style=\"color: #017cba;\"><strong><span class=\"s2\"><i><br \/>\n<\/i><\/span><\/strong><\/span><\/p>\n<h6 class=\"p3\"><span style=\"font-size: 11px;\">Joan Cals y Joan Turr\u00f3 \u00b7 Cambra de Comer\u00e7 i Ind\u00fastria de Girona \u00b7 A\u00f1o 1978<\/span><\/h6>\n<hr \/>\n<p class=\"p3\"><strong><span style=\"color: #017cba;\">Els parcs naturals en l\u2019ordenaci\u00f3 de les comarques gironines del litoral<\/span><\/strong> en la obra colectiva <strong><span style=\"color: #993300;\">Debat Costa Brava<\/span><\/strong><span style=\"color: #017cba;\"><strong><span class=\"s2\"><i><br \/>\n<\/i><\/span><\/strong><\/span><\/p>\n<h6 class=\"p3\"><span style=\"font-size: 11px;\">Joan Cals y Benet Cervera \u00b7 Cambra de Comer\u00e7 i Ind\u00fastria de Girona \u00b7 A\u00f1o 1978<\/span><\/h6>\n<hr \/>\n<p><span style=\"color: #017cba;\"><strong>Advantages and disadvantages of tourism<\/strong><\/span><\/p>\n<p class=\"p1\"><span class=\"s2\">Informe encargado por la Organizaci\u00f3n de las Naciones Unidas para la <strong><span style=\"color: #993300;\">Conferencia Habitat<\/span><\/strong> de Vancouver (Canad\u00e1) sobre Asentamientos Humanos<strong><br \/>\n<\/strong><\/span><\/p>\n<h6 class=\"p1\"><span style=\"font-size: 11px;\">Joan Cals y Antoni Casahuga \u00b7 A\u00f1o 1976<\/span><\/h6>\n<hr \/>\n<p><span style=\"color: #017cba;\"><strong>Turismo y pol\u00edtica tur\u00edstica en Espa\u00f1a: una aproximaci\u00f3n<\/strong><\/span><\/p>\n<h6 class=\"p3\"><span style=\"font-size: 11px;\">Joan Cals \u00b7 Editorial Ariel \u00b7 A\u00f1o 1974<\/span><\/h6>\n<hr \/>\n<p><span style=\"color: #017cba;\"><strong>Objetivos e instrumentos de la pol\u00edtica econ\u00f3mica espa\u00f1ola 1959-69<\/strong><\/span><\/p>\n<h6 class=\"p3\"><span style=\"font-size: 11px;\">Antoni Montserrat Sol\u00e9, Josep C. Verg\u00e9s, Joan Cals G\u00fcell, Josep-Llu\u00eds Raymond Bara y otros \u00b7 Servicio de Estudios del Banco Urquijo-Moneda y Cr\u00e9dito \u00b7 A\u00f1o 1973<\/span><\/h6>\n<hr \/>\n<p><\/p>","protected":false},"excerpt":{"rendered":"<p>Selecci\u00f3n Gobernanza econ\u00f3mica y filosof\u00eda del proyecto europeo Joan Cals G\u00fcell \u00b7 A\u00f1o 2019 Los intereses del futuro. Econom\u00eda en un cambio de \u00e9poca (premio Joan Sard\u00e0 Dexeus 2014 al mejor libro de econom\u00eda y empresa del a\u00f1o) Joan Cals G\u00fcell \u00b7 Editorial RBA \u00b7 A\u00f1o 2013 El \u00e9xito de las cajas de ahorros: historia [&hellip;]<\/p>\n","protected":false},"author":1,"featured_media":0,"parent":0,"menu_order":0,"comment_status":"closed","ping_status":"closed","template":"","meta":{"footnotes":""},"class_list":["post-5","page","type-page","status-publish","hentry"],"_links":{"self":[{"href":"http:\/\/joancalsguell.cat\/es\/wp-json\/wp\/v2\/pages\/5","targetHints":{"allow":["GET"]}}],"collection":[{"href":"http:\/\/joancalsguell.cat\/es\/wp-json\/wp\/v2\/pages"}],"about":[{"href":"http:\/\/joancalsguell.cat\/es\/wp-json\/wp\/v2\/types\/page"}],"author":[{"embeddable":true,"href":"http:\/\/joancalsguell.cat\/es\/wp-json\/wp\/v2\/users\/1"}],"replies":[{"embeddable":true,"href":"http:\/\/joancalsguell.cat\/es\/wp-json\/wp\/v2\/comments?post=5"}],"version-history":[{"count":129,"href":"http:\/\/joancalsguell.cat\/es\/wp-json\/wp\/v2\/pages\/5\/revisions"}],"predecessor-version":[{"id":2119,"href":"http:\/\/joancalsguell.cat\/es\/wp-json\/wp\/v2\/pages\/5\/revisions\/2119"}],"wp:attachment":[{"href":"http:\/\/joancalsguell.cat\/es\/wp-json\/wp\/v2\/media?parent=5"}],"curies":[{"name":"wp","href":"https:\/\/api.w.org\/{rel}","templated":true}]}}