{"id":10,"date":"2016-01-12T22:15:41","date_gmt":"2016-01-12T22:15:41","guid":{"rendered":"http:\/\/joancalsguell.cat\/?page_id=10"},"modified":"2025-10-19T12:53:06","modified_gmt":"2025-10-19T12:53:06","slug":"trajectoria-professional","status":"publish","type":"page","link":"http:\/\/joancalsguell.cat\/es\/trajectoria-professional\/","title":{"rendered":"Profesional"},"content":{"rendered":"<p><img decoding=\"async\" class=\"alignleft\" src=\"http:\/\/joancalsguell.cat\/wp-content\/uploads\/2016\/01\/Copia-2-de-Presentacio-Los-intereses-del-futuro-de-Joan-Cals-4-150x150.jpg\" alt=\"Presentaci\u00f3 de los intereses del futuro, de Joan Cals\" \/><\/p>\n<p>Fue catedr\u00e1tico desde 1986 de Econom\u00eda Aplicada de la Universitat Aut\u00f2noma de Barcelona, a cuya plantilla se hab\u00eda incorporado en 1973.<\/p>\n<p>Es licenciado en Ciencias Econ\u00f3micas y Empresariales y en Derecho por la Universitat de Barcelona, y en Ciencias Pol\u00edticas y en Sociolog\u00eda por la Universidad Complutense.<\/p>\n<p>En 1980 se doctor\u00f3 en Ciencias Econ\u00f3mica y Empresariales por la UAB.<\/p>\n<p>Ejerci\u00f3 como profesor en la facultad de Econom\u00eda y Empresa, y en la de Ciencias Pol\u00edticas y Sociolog\u00eda, principalmente sobre temas de gobierno econ\u00f3mico europeo, econom\u00eda sectorial y econom\u00eda espa\u00f1ola.<\/p>\n<p>Su actividad investigadora, de consultor\u00eda y divulgadora se proyecta en campos diversos, de manera preferente en econom\u00eda de los servicios, sector bancario, turismo, gobierno corporativo, econom\u00eda regional, ordenaci\u00f3n territorial, sostenibilidad y econom\u00eda pol\u00edtica de la Uni\u00f3n Europea.<\/p>\n<p>Dirigi\u00f3 el departamento de Econom\u00eda aplicada de la UAB desde septiembre de 1983 hasta marzo de 1988, as\u00ed como desde febrero de 1993 hasta enero de 1995.<\/p>\n<p>Fue pres\u00eddente del patronato de la Escuela Universitaria de Turismo adscrita a la UAB entre 1997 y 2000.<\/p>\n<p>Perteneci\u00f3 al consejo de administraci\u00f3n de Caixa Catalunya en el per\u00edodo octubre 1984-marzo 2006.<\/p>\n<p>Fue vocal asesor del Institut Catal\u00e0 de Finances entre 2007 y 2011, y miembro en 2005 de la comisi\u00f3n sobre buen gobierno y transparencia administrativa de la Generalitat.<\/p>\n<p>En los a\u00f1os setenta, en los inicios de su actividad profesional, fue profesor e investigador del Centre d\u2019Estudis T\u00e8cnics Tur\u00edstics (CETT) e investigador del Servicio de Estudios del Banco Urquijo, en Barcelona.<\/p>","protected":false},"excerpt":{"rendered":"<p>Fue catedr\u00e1tico desde 1986 de Econom\u00eda Aplicada de la Universitat Aut\u00f2noma de Barcelona, a cuya plantilla se hab\u00eda incorporado en 1973. Es licenciado en Ciencias Econ\u00f3micas y Empresariales y en Derecho por la Universitat de Barcelona, y en Ciencias Pol\u00edticas y en Sociolog\u00eda por la Universidad Complutense. En 1980 se doctor\u00f3 en Ciencias Econ\u00f3mica y [&hellip;]<\/p>\n","protected":false},"author":1,"featured_media":0,"parent":0,"menu_order":0,"comment_status":"closed","ping_status":"closed","template":"","meta":{"footnotes":""},"class_list":["post-10","page","type-page","status-publish","hentry"],"_links":{"self":[{"href":"http:\/\/joancalsguell.cat\/es\/wp-json\/wp\/v2\/pages\/10","targetHints":{"allow":["GET"]}}],"collection":[{"href":"http:\/\/joancalsguell.cat\/es\/wp-json\/wp\/v2\/pages"}],"about":[{"href":"http:\/\/joancalsguell.cat\/es\/wp-json\/wp\/v2\/types\/page"}],"author":[{"embeddable":true,"href":"http:\/\/joancalsguell.cat\/es\/wp-json\/wp\/v2\/users\/1"}],"replies":[{"embeddable":true,"href":"http:\/\/joancalsguell.cat\/es\/wp-json\/wp\/v2\/comments?post=10"}],"version-history":[{"count":34,"href":"http:\/\/joancalsguell.cat\/es\/wp-json\/wp\/v2\/pages\/10\/revisions"}],"predecessor-version":[{"id":2112,"href":"http:\/\/joancalsguell.cat\/es\/wp-json\/wp\/v2\/pages\/10\/revisions\/2112"}],"wp:attachment":[{"href":"http:\/\/joancalsguell.cat\/es\/wp-json\/wp\/v2\/media?parent=10"}],"curies":[{"name":"wp","href":"https:\/\/api.w.org\/{rel}","templated":true}]}}